{"id":3898,"date":"2025-03-03T16:20:57","date_gmt":"2025-03-03T16:20:57","guid":{"rendered":"https:\/\/homes.globalhp.es\/?page_id=3898"},"modified":"2025-05-29T07:58:26","modified_gmt":"2025-05-29T07:58:26","slug":"nosotros","status":"publish","type":"page","link":"https:\/\/globalhp.es\/en\/nosotros\/","title":{"rendered":"Sobre Nosotros"},"content":{"rendered":"<h1>Somos<br \/> Global Homes<\/h1>\n<h2>Fundador Manuel<\/h2>\n<ul>\n<li><a href=\"https:\/\/www.instagram.com\/globalhomesprojects\/\">instagram<\/a>\n<\/li>\n<li><a href=\"https:\/\/www.tiktok.com\/@globalhomesspain\">tiktok<\/a>\n<\/li>\n<li><a href=\"https:\/\/www.facebook.com\/people\/Madrid-Homes\/pfbid02t2BRX1tDsBC3hbE44hbKjccToRUNTDpD4WE5urnj7ruvoi5G3YK9Uo7fpkHv86cMl\/\">facebook<\/a>\n<\/li>\n<li><a href=\"https:\/\/www.youtube.com\/channel\/UCai9hzHis2QjAop_Vdqh8Tw\">youtube<\/a>\n<\/li>\n<\/ul>\n<div>En Global Homes, transformamos cada rinc\u00f3n de Madrid en tu refugio personal, porque dondequiera que vayas, mereces sentirte en casa.<\/div>\n<div>\n<p>Gestionamos apartamentos en Madrid para que disfrutes de la libertad de vivir en la ubicaci\u00f3n que prefieras, sinti\u00e9ndote siempre como en casa. Sabemos que los motivos para viajar son muy variados, a veces es por placer, pero otras muchas responde a necesidades como el trabajo o los estudios. Por eso, ponemos a tu disposici\u00f3n apartamentos situados en las mejores zonas de la ciudad, dise\u00f1ados y equipados con los m\u00e1s altos est\u00e1ndares de calidad. Nos ocupamos de cada detalle para adaptarnos a todo tipo de hu\u00e9spedes y presupuestos, con un \u00fanico prop\u00f3sito: que encuentres un verdadero hogar, est\u00e9s donde est\u00e9s.<\/p>\n<p>Estamos para acompa\u00f1arte en cada paso, ofreci\u00e9ndote apoyo en cualquier situaci\u00f3n y garantizando una experiencia inolvidable. Contamos con profesionales dedicados en limpieza y mantenimiento que aseguran que todo est\u00e9 perfecto desde el momento en que llegas. Con Global Homes, es tan sencillo como llegar, instalarte y despreocuparte. Somos tu hogar en movimiento, siempre listos para hacerte sentir bienvenido.<\/p>\n<\/div>\n<h3>Contacta con nosotros<\/h3>\n<ul>\n<li>\n<p><a href=\"tel:+34651 454 690\">+ 34 651 454 690<\/a><\/p>\n<\/li>\n<li>\n<p><a href=\"mailto: homes@globalhp.es\">Global Homes<\/a><\/p>\n<\/li>\n<li>\n<p><a href=\"http:\/\/www.globalhp.es\">www.globalhp.es<\/a><\/p>\n<\/li>\n<\/ul>\n<ul>\n<li>\n<div>Madrid<\/div>\n<\/li>\n<li>\n<div>Espa\u00f1a<\/div>\n<\/li>\n<\/ul>\n<p><!--more--><br \/>\n<!-- {\"type\":\"layout\",\"children\":[{\"type\":\"section\",\"props\":{\"image_position\":\"center-center\",\"padding\":\"large\",\"style\":\"default\",\"title_breakpoint\":\"xl\",\"title_position\":\"top-left\",\"title_rotation\":\"left\",\"vertical_align\":\"\",\"width\":\"large\"},\"children\":[{\"type\":\"row\",\"children\":[{\"type\":\"column\",\"props\":{\"image_position\":\"center-center\",\"position_sticky_breakpoint\":\"m\",\"width_medium\":\"1-1\"},\"children\":[{\"type\":\"headline\",\"props\":{\"content\":\"Somos<br \/> Global Homes\",\"title_color\":\"background\",\"title_element\":\"h1\",\"title_style\":\"heading-medium\"}}]}]}],\"name\":\"Hero\"},{\"type\":\"section\",\"props\":{\"height\":\"viewport\",\"height_viewport\":55,\"image\":\"wp-content\\\/uploads\\\/about-hero.jpg\",\"image_effect\":\"parallax\",\"image_loading\":true,\"image_parallax_bgy\":\"50,-50\",\"image_parallax_breakpoint\":\"m\",\"image_parallax_easing\":\"1\",\"image_position\":\"center-center\",\"image_size\":\"cover\",\"image_width\":\"2560\",\"padding\":\"xlarge\",\"style\":\"default\",\"title_breakpoint\":\"xl\",\"title_position\":\"top-left\",\"title_rotation\":\"left\",\"vertical_align\":\"middle\",\"width\":\"default\"},\"children\":[{\"type\":\"row\",\"children\":[{\"type\":\"column\",\"props\":{\"image_position\":\"center-center\",\"position_sticky_breakpoint\":\"m\",\"width_medium\":\"1-1\"}}]}],\"name\":\"Image\"},{\"type\":\"section\",\"props\":{\"id\":\"about\",\"image_position\":\"center-center\",\"padding\":\"large\",\"padding_remove_bottom\":false,\"style\":\"default\",\"title_breakpoint\":\"xl\",\"title_position\":\"top-left\",\"title_rotation\":\"left\",\"vertical_align\":\"\",\"width\":\"large\"},\"children\":[{\"type\":\"row\",\"props\":{\"column_gap\":\"large\",\"layout\":\"1-4,1-2,1-4\",\"row_gap\":\"medium\"},\"children\":[{\"type\":\"column\",\"props\":{\"image_position\":\"center-center\",\"position_sticky_breakpoint\":\"m\",\"width_medium\":\"1-4\"},\"children\":[{\"type\":\"headline\",\"props\":{\"content\":\"Fundador Manuel\",\"title_element\":\"h2\",\"title_style\":\"h3\"}},{\"type\":\"social\",\"props\":{\"grid\":\"horizontal\",\"grid_column_gap\":\"small\",\"grid_row_gap\":\"small\",\"icon_width\":16,\"image_height\":16,\"image_svg_inline\":true,\"image_width\":16,\"link_style\":\"\",\"margin\":\"default\"},\"children\":[{\"type\":\"social_item\",\"props\":{\"link\":\"https:\\\/\\\/www.instagram.com\\\/globalhomesprojects\\\/\",\"link_aria_label\":\"instagram Global Homes\"}},{\"type\":\"social_item\",\"props\":{\"link\":\"https:\\\/\\\/www.tiktok.com\\\/@globalhomesspain\",\"link_aria_label\":\"tiktok global homes\"}},{\"type\":\"social_item\",\"props\":{\"link\":\"https:\\\/\\\/www.facebook.com\\\/people\\\/Madrid-Homes\\\/pfbid02t2BRX1tDsBC3hbE44hbKjccToRUNTDpD4WE5urnj7ruvoi5G3YK9Uo7fpkHv86cMl\\\/\",\"link_aria_label\":\"facebook Global Homes\"}},{\"type\":\"social_item\",\"props\":{\"link\":\"https:\\\/\\\/www.youtube.com\\\/channel\\\/UCai9hzHis2QjAop_Vdqh8Tw\",\"link_aria_label\":\"youtube\"}}]}]},{\"type\":\"column\",\"props\":{\"image_position\":\"center-center\",\"position_sticky_breakpoint\":\"m\",\"width_medium\":\"1-2\"},\"children\":[{\"type\":\"grid\",\"props\":{\"content_column_breakpoint\":\"m\",\"filter_align\":\"left\",\"filter_all\":true,\"filter_grid_breakpoint\":\"m\",\"filter_grid_width\":\"auto\",\"filter_position\":\"top\",\"filter_style\":\"tab\",\"grid_column_gap\":\"medium\",\"grid_default\":\"2\",\"grid_medium\":\"\",\"grid_row_gap\":\"medium\",\"icon_width\":80,\"image_align\":\"top\",\"image_grid_breakpoint\":\"m\",\"image_grid_width\":\"1-2\",\"image_svg_color\":\"emphasis\",\"image_width\":\"440\",\"item_animation\":true,\"lightbox_bg_close\":true,\"link_style\":\"default\",\"link_text\":\"Read more\",\"margin\":\"default\",\"meta_align\":\"below-title\",\"meta_element\":\"div\",\"meta_margin\":\"small\",\"meta_style\":\"text-meta\",\"parallax_easing\":\"1\",\"show_content\":true,\"show_hover_image\":true,\"show_hover_video\":true,\"show_image\":true,\"show_link\":true,\"show_meta\":true,\"show_title\":true,\"show_video\":true,\"status\":\"disabled\",\"title_align\":\"top\",\"title_color\":\"muted\",\"title_element\":\"div\",\"title_grid_breakpoint\":\"m\",\"title_grid_width\":\"1-2\",\"title_hover_style\":\"reset\",\"title_margin\":\"small\",\"title_style\":\"h6\"},\"children\":[{\"type\":\"grid_item\",\"props\":{\"image\":\"wp-content\\\/uploads\\\/about-01.jpg\",\"meta\":\"\",\"title\":\"Manuel\"}},{\"type\":\"grid_item\",\"props\":{\"image\":\"wp-content\\\/uploads\\\/about-02.jpg\",\"meta\":\"\",\"title\":\"Gema\"}}]},{\"type\":\"text\",\"props\":{\"column_breakpoint\":\"m\",\"content\":\"En Global Homes, transformamos cada rinc\\u00f3n de Madrid en tu refugio personal, porque dondequiera que vayas, mereces sentirte en casa.\",\"margin\":\"medium\",\"text_style\":\"lead\"}},{\"type\":\"text\",\"props\":{\"column_breakpoint\":\"m\",\"content\":\"\n\n<p>Gestionamos apartamentos en Madrid para que disfrutes de la libertad de vivir en la ubicaci\\u00f3n que prefieras, sinti\\u00e9ndote siempre como en casa. Sabemos que los motivos para viajar son muy variados, a veces es por placer, pero otras muchas responde a necesidades como el trabajo o los estudios. Por eso, ponemos a tu disposici\\u00f3n apartamentos situados en las mejores zonas de la ciudad, dise\\u00f1ados y equipados con los m\\u00e1s altos est\\u00e1ndares de calidad. Nos ocupamos de cada detalle para adaptarnos a todo tipo de hu\\u00e9spedes y presupuestos, con un \\u00fanico prop\\u00f3sito: que encuentres un verdadero hogar, est\\u00e9s donde est\\u00e9s.<\\\/p> \\n\n\n<p>Estamos para acompa\\u00f1arte en cada paso, ofreci\\u00e9ndote apoyo en cualquier situaci\\u00f3n y garantizando una experiencia inolvidable. Contamos con profesionales dedicados en limpieza y mantenimiento que aseguran que todo est\\u00e9 perfecto desde el momento en que llegas. Con Global Homes, es tan sencillo como llegar, instalarte y despreocuparte. Somos tu hogar en movimiento, siempre listos para hacerte sentir bienvenido.<\\\/p>\",\"margin\":\"\"}}]},{\"type\":\"column\",\"props\":{\"image_position\":\"center-center\",\"position_sticky_breakpoint\":\"m\",\"width_medium\":\"1-4\"},\"children\":[{\"type\":\"headline\",\"props\":{\"content\":\"Contacta con nosotros\",\"title_element\":\"h3\",\"title_style\":\"h5\"}},{\"type\":\"list\",\"props\":{\"column_breakpoint\":\"m\",\"image_align\":\"left\",\"image_svg_color\":\"emphasis\",\"image_vertical_align\":true,\"link_style\":\"text\",\"list_element\":\"ul\",\"list_horizontal_separator\":\", \",\"list_size\":\"collapse\",\"list_type\":\"vertical\",\"show_image\":true,\"show_link\":true},\"children\":[{\"type\":\"list_item\",\"props\":{\"content\":\"+ 34 651 454 690\",\"icon\":\"receiver\",\"link\":\"tel:+34651 454 690\"}},{\"type\":\"list_item\",\"props\":{\"content\":\"Global Homes\",\"icon\":\"mail\",\"link\":\"mailto: homes@globalhp.es\"}},{\"type\":\"list_item\",\"props\":{\"content\":\"www.globalhp.es\",\"icon\":\"world\",\"link\":\"http:\\\/\\\/www.globalhp.es\"}}]},{\"type\":\"list\",\"props\":{\"column_breakpoint\":\"m\",\"image_align\":\"left\",\"image_svg_color\":\"emphasis\",\"image_vertical_align\":true,\"link_style\":\"muted\",\"list_element\":\"ul\",\"list_horizontal_separator\":\", \",\"list_size\":\"collapse\",\"list_type\":\"vertical\",\"margin\":\"medium\",\"margin_remove_top\":true,\"show_image\":true,\"show_link\":true},\"children\":[{\"type\":\"list_item\",\"props\":{\"content\":\"Madrid\"}},{\"type\":\"list_item\",\"props\":{\"content\":\"Espa\\u00f1a\"}}]}]}]}],\"name\":\"About\"},{\"type\":\"section\",\"props\":{\"image_position\":\"center-center\",\"padding\":\"large\",\"padding_remove_top\":false,\"status\":\"disabled\",\"style\":\"default\",\"title_breakpoint\":\"xl\",\"title_position\":\"top-left\",\"title_rotation\":\"left\",\"vertical_align\":\"\",\"width\":\"large\"},\"children\":[{\"type\":\"row\",\"props\":{\"layout\":\"1-4,3-4\"},\"children\":[{\"type\":\"column\",\"props\":{\"image_position\":\"center-center\",\"position_sticky_breakpoint\":\"m\",\"width_medium\":\"1-4\"},\"children\":[{\"type\":\"headline\",\"props\":{\"content\":\"Nuestro equipo\",\"text_align\":\"right\",\"text_align_breakpoint\":\"m\",\"text_align_fallback\":\"left\",\"title_element\":\"h2\",\"title_style\":\"h3\"}}]},{\"type\":\"column\",\"props\":{\"image_position\":\"center-center\",\"position_sticky_breakpoint\":\"m\",\"width_medium\":\"3-4\"},\"children\":[{\"type\":\"grid\",\"props\":{\"content_column_breakpoint\":\"m\",\"filter_align\":\"left\",\"filter_all\":true,\"filter_grid_breakpoint\":\"m\",\"filter_grid_width\":\"auto\",\"filter_position\":\"top\",\"filter_style\":\"tab\",\"grid_column_gap\":\"medium\",\"grid_default\":\"2\",\"grid_medium\":\"\",\"grid_row_gap\":\"medium\",\"grid_small\":\"4\",\"icon_width\":80,\"image_align\":\"top\",\"image_grid_breakpoint\":\"m\",\"image_grid_width\":\"1-2\",\"image_svg_color\":\"emphasis\",\"image_width\":\"300\",\"item_animation\":true,\"lightbox_bg_close\":true,\"link_style\":\"default\",\"link_text\":\"Read more\",\"margin\":\"default\",\"meta_align\":\"below-title\",\"meta_element\":\"div\",\"meta_style\":\"text-meta\",\"parallax_easing\":\"1\",\"show_content\":true,\"show_hover_image\":true,\"show_hover_video\":true,\"show_image\":true,\"show_link\":true,\"show_meta\":true,\"show_title\":true,\"show_video\":true,\"title_align\":\"top\",\"title_color\":\"muted\",\"title_element\":\"h3\",\"title_grid_breakpoint\":\"m\",\"title_grid_width\":\"1-2\",\"title_hover_style\":\"reset\",\"title_margin\":\"small\",\"title_style\":\"h5\"},\"children\":[{\"type\":\"grid_item\",\"props\":{\"image\":\"wp-content\\\/uploads\\\/about-team-03.jpg\",\"title\":\"Chica\"}},{\"type\":\"grid_item\",\"props\":{\"image\":\"wp-content\\\/uploads\\\/about-team-03.jpg\",\"title\":\"Chica\"}},{\"type\":\"grid_item\",\"props\":{\"image\":\"wp-content\\\/uploads\\\/about-team-03.jpg\",\"title\":\"Chica\"}},{\"type\":\"grid_item\",\"props\":{\"image\":\"wp-content\\\/uploads\\\/about-team-03.jpg\",\"title\":\"Chica\"}},{\"type\":\"grid_item\",\"props\":{\"image\":\"wp-content\\\/uploads\\\/about-team-03.jpg\",\"title\":\"Chica\"}},{\"type\":\"grid_item\",\"props\":{\"image\":\"wp-content\\\/uploads\\\/about-team-03.jpg\",\"title\":\"Chica\"}},{\"type\":\"grid_item\",\"props\":{\"image\":\"wp-content\\\/uploads\\\/about-team-03.jpg\",\"title\":\"Chica\"}}]}]}]}],\"name\":\"Team\"},{\"type\":\"section\",\"props\":{\"image_position\":\"center-center\",\"padding\":\"large\",\"status\":\"disabled\",\"style\":\"muted\",\"title_breakpoint\":\"xl\",\"title_position\":\"top-left\",\"title_rotation\":\"left\",\"vertical_align\":\"\",\"width\":\"large\"},\"children\":[{\"type\":\"row\",\"props\":{\"layout\":\"1-4,3-4\"},\"children\":[{\"type\":\"column\",\"props\":{\"image_position\":\"center-center\",\"position_sticky_breakpoint\":\"m\",\"width_medium\":\"1-4\"},\"children\":[{\"type\":\"headline\",\"props\":{\"content\":\"Colaboramos con\",\"title_element\":\"h2\"}},{\"type\":\"divider\",\"props\":{\"divider_element\":\"hr\",\"divider_style\":\"small\"}}]},{\"type\":\"column\",\"props\":{\"image_position\":\"center-center\",\"position_sticky_breakpoint\":\"m\",\"width_medium\":\"3-4\"},\"children\":[{\"type\":\"grid\",\"props\":{\"content_column_breakpoint\":\"m\",\"filter_align\":\"left\",\"filter_all\":true,\"filter_grid_breakpoint\":\"m\",\"filter_grid_width\":\"auto\",\"filter_position\":\"top\",\"filter_style\":\"tab\",\"grid_column_gap\":\"small\",\"grid_default\":\"2\",\"grid_medium\":\"\",\"grid_row_gap\":\"small\",\"grid_small\":\"4\",\"icon_width\":80,\"image_align\":\"top\",\"image_grid_breakpoint\":\"m\",\"image_grid_width\":\"1-2\",\"image_svg_color\":\"emphasis\",\"image_svg_inline\":true,\"item_animation\":true,\"lightbox_bg_close\":true,\"link_style\":\"default\",\"link_text\":\"Read more\",\"margin\":\"default\",\"meta_align\":\"below-title\",\"meta_element\":\"div\",\"meta_style\":\"text-meta\",\"panel_padding\":\"default\",\"panel_style\":\"card-default\",\"parallax_easing\":\"1\",\"show_content\":true,\"show_hover_image\":true,\"show_hover_video\":true,\"show_image\":true,\"show_link\":true,\"show_meta\":true,\"show_title\":true,\"show_video\":true,\"title_align\":\"top\",\"title_element\":\"h3\",\"title_grid_breakpoint\":\"m\",\"title_grid_width\":\"1-2\",\"title_hover_style\":\"reset\"},\"children\":[{\"type\":\"grid_item\",\"props\":{\"image\":\"wp-content\\\/uploads\\\/about-media-01.svg\"}},{\"type\":\"grid_item\",\"props\":{\"image\":\"wp-content\\\/uploads\\\/about-media-02.svg\"}},{\"type\":\"grid_item\",\"props\":{\"image\":\"wp-content\\\/uploads\\\/about-media-03.svg\"}},{\"type\":\"grid_item\",\"props\":{\"image\":\"wp-content\\\/uploads\\\/about-media-04.svg\"}}]}]}]}],\"name\":\"Media\"}],\"version\":\"4.5.16\"} --><\/p>\n","protected":false},"excerpt":{"rendered":"<p>Somos Global Homes Fundador Manuel instagram tiktok facebook youtube En Global Homes, transformamos cada rinc\u00f3n de Madrid en tu refugio personal, porque dondequiera que vayas, mereces sentirte en casa. Gestionamos apartamentos en Madrid para que disfrutes de la libertad de vivir en la ubicaci\u00f3n que prefieras, sinti\u00e9ndote siempre como en casa. Sabemos que los motivos [&hellip;]<\/p>\n","protected":false},"author":1,"featured_media":0,"parent":0,"menu_order":0,"comment_status":"closed","ping_status":"closed","template":"","meta":{"_acf_changed":false,"footnotes":""},"class_list":["post-3898","page","type-page","status-publish","hentry"],"acf":[],"yoast_head":"<!-- This site is optimized with the Yoast SEO plugin v27.4 - https:\/\/yoast.com\/product\/yoast-seo-wordpress\/ -->\n<title>Sobre Nosotros - Viviendas en Alquiler Madrid | Global Homes<\/title>\n<meta name=\"description\" content=\"Global Homes es una empresa especializada en el alquiler de viviendas, ofreciendo opciones de arrendamiento flexible por d\u00edas, semanas y meses\" \/>\n<meta name=\"robots\" content=\"index, follow, max-snippet:-1, max-image-preview:large, max-video-preview:-1\" \/>\n<link rel=\"canonical\" href=\"https:\/\/globalhp.es\/en\/nosotros\/\" \/>\n<meta property=\"og:locale\" content=\"en_GB\" \/>\n<meta property=\"og:type\" content=\"article\" \/>\n<meta property=\"og:title\" content=\"Sobre Nosotros - Viviendas en Alquiler Madrid | Global Homes\" \/>\n<meta property=\"og:description\" content=\"Global Homes es una empresa especializada en el alquiler de viviendas, ofreciendo opciones de arrendamiento flexible por d\u00edas, semanas y meses\" \/>\n<meta property=\"og:url\" content=\"https:\/\/globalhp.es\/en\/nosotros\/\" \/>\n<meta property=\"og:site_name\" content=\"Viviendas en Alquiler Madrid | Global Homes\" \/>\n<meta property=\"article:modified_time\" content=\"2025-05-29T07:58:26+00:00\" \/>\n<meta name=\"twitter:card\" content=\"summary_large_image\" \/>\n<meta name=\"twitter:label1\" content=\"Estimated reading time\" \/>\n\t<meta name=\"twitter:data1\" content=\"5 minutes\" \/>\n<script type=\"application\/ld+json\" class=\"yoast-schema-graph\">{\"@context\":\"https:\\\/\\\/schema.org\",\"@graph\":[{\"@type\":\"WebPage\",\"@id\":\"https:\\\/\\\/globalhp.es\\\/nosotros\\\/\",\"url\":\"https:\\\/\\\/globalhp.es\\\/nosotros\\\/\",\"name\":\"Sobre Nosotros - Viviendas en Alquiler Madrid | Global Homes\",\"isPartOf\":{\"@id\":\"https:\\\/\\\/globalhp.es\\\/#website\"},\"datePublished\":\"2025-03-03T16:20:57+00:00\",\"dateModified\":\"2025-05-29T07:58:26+00:00\",\"description\":\"Global Homes es una empresa especializada en el alquiler de viviendas, ofreciendo opciones de arrendamiento flexible por d\u00edas, semanas y meses\",\"breadcrumb\":{\"@id\":\"https:\\\/\\\/globalhp.es\\\/nosotros\\\/#breadcrumb\"},\"inLanguage\":\"en-GB\",\"potentialAction\":[{\"@type\":\"ReadAction\",\"target\":[\"https:\\\/\\\/globalhp.es\\\/nosotros\\\/\"]}]},{\"@type\":\"BreadcrumbList\",\"@id\":\"https:\\\/\\\/globalhp.es\\\/nosotros\\\/#breadcrumb\",\"itemListElement\":[{\"@type\":\"ListItem\",\"position\":1,\"name\":\"Home\",\"item\":\"https:\\\/\\\/globalhp.es\\\/\"},{\"@type\":\"ListItem\",\"position\":2,\"name\":\"Sobre Nosotros\"}]},{\"@type\":\"WebSite\",\"@id\":\"https:\\\/\\\/globalhp.es\\\/#website\",\"url\":\"https:\\\/\\\/globalhp.es\\\/\",\"name\":\"Viviendas en Alquiler Madrid | Global Homes\",\"description\":\"Alquiler de viviendas por d\u00edas y semanas en Madrid\",\"publisher\":{\"@id\":\"https:\\\/\\\/globalhp.es\\\/#organization\"},\"potentialAction\":[{\"@type\":\"SearchAction\",\"target\":{\"@type\":\"EntryPoint\",\"urlTemplate\":\"https:\\\/\\\/globalhp.es\\\/?s={search_term_string}\"},\"query-input\":{\"@type\":\"PropertyValueSpecification\",\"valueRequired\":true,\"valueName\":\"search_term_string\"}}],\"inLanguage\":\"en-GB\"},{\"@type\":\"Organization\",\"@id\":\"https:\\\/\\\/globalhp.es\\\/#organization\",\"name\":\"Viviendas en Alquiler Madrid | Global Homes\",\"url\":\"https:\\\/\\\/globalhp.es\\\/\",\"logo\":{\"@type\":\"ImageObject\",\"inLanguage\":\"en-GB\",\"@id\":\"https:\\\/\\\/globalhp.es\\\/#\\\/schema\\\/logo\\\/image\\\/\",\"url\":\"https:\\\/\\\/globalhp.es\\\/wp-content\\\/uploads\\\/2025\\\/01\\\/GHP_Logo_Homes_325px.png\",\"contentUrl\":\"https:\\\/\\\/globalhp.es\\\/wp-content\\\/uploads\\\/2025\\\/01\\\/GHP_Logo_Homes_325px.png\",\"width\":325,\"height\":104,\"caption\":\"Viviendas en Alquiler Madrid | Global Homes\"},\"image\":{\"@id\":\"https:\\\/\\\/globalhp.es\\\/#\\\/schema\\\/logo\\\/image\\\/\"}}]}<\/script>\n<!-- \/ Yoast SEO plugin. -->","yoast_head_json":{"title":"Sobre Nosotros - Viviendas en Alquiler Madrid | Global Homes","description":"Global Homes es una empresa especializada en el alquiler de viviendas, ofreciendo opciones de arrendamiento flexible por d\u00edas, semanas y meses","robots":{"index":"index","follow":"follow","max-snippet":"max-snippet:-1","max-image-preview":"max-image-preview:large","max-video-preview":"max-video-preview:-1"},"canonical":"https:\/\/globalhp.es\/en\/nosotros\/","og_locale":"en_GB","og_type":"article","og_title":"Sobre Nosotros - Viviendas en Alquiler Madrid | Global Homes","og_description":"Global Homes es una empresa especializada en el alquiler de viviendas, ofreciendo opciones de arrendamiento flexible por d\u00edas, semanas y meses","og_url":"https:\/\/globalhp.es\/en\/nosotros\/","og_site_name":"Viviendas en Alquiler Madrid | Global Homes","article_modified_time":"2025-05-29T07:58:26+00:00","twitter_card":"summary_large_image","twitter_misc":{"Estimated reading time":"5 minutes"},"schema":{"@context":"https:\/\/schema.org","@graph":[{"@type":"WebPage","@id":"https:\/\/globalhp.es\/nosotros\/","url":"https:\/\/globalhp.es\/nosotros\/","name":"Sobre Nosotros - Viviendas en Alquiler Madrid | Global Homes","isPartOf":{"@id":"https:\/\/globalhp.es\/#website"},"datePublished":"2025-03-03T16:20:57+00:00","dateModified":"2025-05-29T07:58:26+00:00","description":"Global Homes es una empresa especializada en el alquiler de viviendas, ofreciendo opciones de arrendamiento flexible por d\u00edas, semanas y meses","breadcrumb":{"@id":"https:\/\/globalhp.es\/nosotros\/#breadcrumb"},"inLanguage":"en-GB","potentialAction":[{"@type":"ReadAction","target":["https:\/\/globalhp.es\/nosotros\/"]}]},{"@type":"BreadcrumbList","@id":"https:\/\/globalhp.es\/nosotros\/#breadcrumb","itemListElement":[{"@type":"ListItem","position":1,"name":"Home","item":"https:\/\/globalhp.es\/"},{"@type":"ListItem","position":2,"name":"Sobre Nosotros"}]},{"@type":"WebSite","@id":"https:\/\/globalhp.es\/#website","url":"https:\/\/globalhp.es\/","name":"Viviendas en Alquiler Madrid | Global Homes","description":"Alquiler de viviendas por d\u00edas y semanas en Madrid","publisher":{"@id":"https:\/\/globalhp.es\/#organization"},"potentialAction":[{"@type":"SearchAction","target":{"@type":"EntryPoint","urlTemplate":"https:\/\/globalhp.es\/?s={search_term_string}"},"query-input":{"@type":"PropertyValueSpecification","valueRequired":true,"valueName":"search_term_string"}}],"inLanguage":"en-GB"},{"@type":"Organization","@id":"https:\/\/globalhp.es\/#organization","name":"Viviendas en Alquiler Madrid | Global Homes","url":"https:\/\/globalhp.es\/","logo":{"@type":"ImageObject","inLanguage":"en-GB","@id":"https:\/\/globalhp.es\/#\/schema\/logo\/image\/","url":"https:\/\/globalhp.es\/wp-content\/uploads\/2025\/01\/GHP_Logo_Homes_325px.png","contentUrl":"https:\/\/globalhp.es\/wp-content\/uploads\/2025\/01\/GHP_Logo_Homes_325px.png","width":325,"height":104,"caption":"Viviendas en Alquiler Madrid | Global Homes"},"image":{"@id":"https:\/\/globalhp.es\/#\/schema\/logo\/image\/"}}]}},"_links":{"self":[{"href":"https:\/\/globalhp.es\/en\/wp-json\/wp\/v2\/pages\/3898","targetHints":{"allow":["GET"]}}],"collection":[{"href":"https:\/\/globalhp.es\/en\/wp-json\/wp\/v2\/pages"}],"about":[{"href":"https:\/\/globalhp.es\/en\/wp-json\/wp\/v2\/types\/page"}],"author":[{"embeddable":true,"href":"https:\/\/globalhp.es\/en\/wp-json\/wp\/v2\/users\/1"}],"replies":[{"embeddable":true,"href":"https:\/\/globalhp.es\/en\/wp-json\/wp\/v2\/comments?post=3898"}],"version-history":[{"count":26,"href":"https:\/\/globalhp.es\/en\/wp-json\/wp\/v2\/pages\/3898\/revisions"}],"predecessor-version":[{"id":4482,"href":"https:\/\/globalhp.es\/en\/wp-json\/wp\/v2\/pages\/3898\/revisions\/4482"}],"wp:attachment":[{"href":"https:\/\/globalhp.es\/en\/wp-json\/wp\/v2\/media?parent=3898"}],"curies":[{"name":"wp","href":"https:\/\/api.w.org\/{rel}","templated":true}]}}