{"id":4263,"date":"2025-04-04T10:24:55","date_gmt":"2025-04-04T10:24:55","guid":{"rendered":"https:\/\/homes.globalhp.es\/?page_id=4263"},"modified":"2025-10-07T11:36:41","modified_gmt":"2025-10-07T11:36:41","slug":"aviso-legal","status":"publish","type":"page","link":"https:\/\/globalhp.es\/en\/aviso-legal\/","title":{"rendered":"Aviso Legal"},"content":{"rendered":"<p><img decoding=\"async\" src=\"\/wp-content\/uploads\/imprint-hero.jpg\" alt=\"\"><\/p>\n<h1>Aviso Legal<\/h1>\n<div>\n<div class=\"section\">\n<h2>Datos del documento<\/h2>\n<p><strong>Sistema de Gesti\u00f3n de Protecci\u00f3n de Datos (SGPD)<\/strong><\/p>\n<p><strong>\u00c1mbito:<\/strong> Protecci\u00f3n de datos<\/p>\n<p><strong>Descripci\u00f3n:<\/strong> Aviso legal<\/p>\n<p><strong>Clasificaci\u00f3n:<\/strong> Distribuci\u00f3n limitada (DL)<\/p>\n<p><strong>Versi\u00f3n:<\/strong> 1.0<\/p>\n<p><strong>Fecha:<\/strong> 04\/04\/2025<\/p>\n<p><strong>P\u00e1gina:<\/strong> 1 de 1<\/p>\n<\/div>\n<div class=\"section\">\n<h2>Datos identificativos<\/h2>\n<p><strong>Denominaci\u00f3n Social:<\/strong> GLOBAL HEALTH PROJECTS S.L.U<\/p>\n<p><strong>NIF:<\/strong> B83764779<\/p>\n<p><strong>Domicilio Social:<\/strong> Collado Ventoso 21, 28231, Las Rozas, Madrid<\/p>\n<p><strong>Tel\u00e9fono:<\/strong> 630884771<\/p>\n<p><strong>Correo electr\u00f3nico:<\/strong> <a href=\"mailto:homes@globalhp.es\">homes@globalhp.es<\/a><\/p>\n<p>Est\u00e1 inscrita en el Registro Mercantil de Madrid, al tomo 19406, folio 21, hoja M-340400, inscripci\u00f3n.<\/p>\n<\/div>\n<div class=\"section\">\n<h2>Introducci\u00f3n<\/h2>\n<p>Los presentes <strong>T\u00c9RMINOS Y CONDICIONES DE USO DEL SITIO WEB<\/strong> regulan los t\u00e9rminos y condiciones de acceso y uso de <a href=\"http:\/\/www.globalhp.es\" target=\"_blank\" rel=\"noopener\">http:\/\/www.globalhp.es<\/a> (en adelante, el \u201cSitio Web\u201d), propiedad de GLOBAL HEALTH PROJECTS S.L.U.<\/p>\n<p>El usuario deber\u00e1 leer y aceptar estas condiciones para poder utilizar todos los servicios e informaci\u00f3n facilitados desde el Sitio Web. El mero acceso o utilizaci\u00f3n del Sitio Web, en todo o en parte, implica la plena aceptaci\u00f3n de estos t\u00e9rminos y condiciones.<\/p>\n<\/div>\n<div class=\"section\">\n<h2>T\u00e9rminos y condiciones de uso<\/h2>\n<p>Estos t\u00e9rminos y condiciones regulan el acceso y la utilizaci\u00f3n del Sitio Web, incluyendo los contenidos y servicios puestos a disposici\u00f3n de los usuarios, ya sea por GLOBAL HEALTH PROJECTS S.L.U, por sus usuarios o por terceros. Algunos contenidos y servicios pueden estar sujetos a condiciones espec\u00edficas.<\/p>\n<\/div>\n<div class=\"section\">\n<h3>Modificaciones<\/h3>\n<p>GLOBAL HEALTH PROJECTS S.L.U se reserva el derecho de modificar en cualquier momento estos t\u00e9rminos y condiciones de uso. Se recomienda consultar peri\u00f3dicamente este documento, ya que puede sufrir modificaciones.<\/p>\n<\/div>\n<div class=\"section\">\n<h3>Informaci\u00f3n y servicios<\/h3>\n<p>Los usuarios pueden acceder a trav\u00e9s del Sitio Web a diversos tipos de informaci\u00f3n y servicios. GLOBAL HEALTH PROJECTS S.L.U se reserva la facultad de modificar, sin previo aviso, la presentaci\u00f3n y configuraci\u00f3n de dicha informaci\u00f3n y servicios. El usuario reconoce y acepta que en cualquier momento GLOBAL HEALTH PROJECTS S.L.U pueda interrumpir, desactivar o cancelar cualquier informaci\u00f3n o servicio.<\/p>\n<\/div>\n<div class=\"section\">\n<h3>Disponibilidad de la informaci\u00f3n y servicios<\/h3>\n<p>GLOBAL HEALTH PROJECTS S.L.U no garantiza la disponibilidad continua y permanente de los servicios, quedando exonerado de cualquier responsabilidad por da\u00f1os y perjuicios derivados de la falta de disponibilidad, ya sea por motivos de fuerza mayor, errores en las redes de datos o por trabajos de mantenimiento.<\/p>\n<\/div>\n<div class=\"section\">\n<h3>Responsabilidad del sitio web<\/h3>\n<p>GLOBAL HEALTH PROJECTS S.L.U no asume responsabilidad alguna por los posibles da\u00f1os y perjuicios causados por el uso de la informaci\u00f3n, datos y servicios del Sitio Web. Tampoco se responsabiliza por los da\u00f1os derivados de la informaci\u00f3n y servicios proporcionados por terceros.<\/p>\n<\/div>\n<div class=\"section\">\n<h3>Obligaciones del usuario<\/h3>\n<p>El usuario se compromete a respetar en todo momento estos t\u00e9rminos y condiciones, utilizando el Sitio Web de forma diligente y asumiendo cualquier responsabilidad derivada del incumplimiento de las normas. Adem\u00e1s, se proh\u00edbe el uso del Sitio Web para actividades contrarias a la Ley, la moral o el orden p\u00fablico, as\u00ed como la difusi\u00f3n, almacenamiento o gesti\u00f3n de datos o contenidos que infrinjan derechos de terceros o normativas de propiedad intelectual o industrial.<\/p>\n<p>El usuario indemnizar\u00e1 y mantendr\u00e1 indemne a GLOBAL HEALTH PROJECTS S.L.U por cualquier da\u00f1o, perjuicio, sanci\u00f3n o multa que se derive del incumplimiento de estas obligaciones.<\/p>\n<\/div>\n<div class=\"section\">\n<h3>Datos de car\u00e1cter personal<\/h3>\n<p>La informaci\u00f3n o datos personales facilitados por el usuario ser\u00e1n tratados de acuerdo con lo establecido en la Pol\u00edtica de Privacidad del Sitio Web.<\/p>\n<\/div>\n<div class=\"section\">\n<h3>Enlaces a otros sitios web<\/h3>\n<p>GLOBAL HEALTH PROJECTS S.L.U no asume responsabilidad alguna por los da\u00f1os y perjuicios que pudieran derivarse del acceso a servicios de terceros a trav\u00e9s de enlaces o v\u00ednculos incluidos en el Sitio Web. Dichos enlaces tienen \u00fanicamente la funci\u00f3n de informar sobre la existencia de otras fuentes de informaci\u00f3n en Internet.<\/p>\n<\/div>\n<div class=\"section\">\n<h3>Propiedad intelectual e industrial<\/h3>\n<p>Todos los contenidos, marcas, logotipos, dibujos, documentaci\u00f3n, programas inform\u00e1ticos y cualquier otro elemento protegido por la legislaci\u00f3n de propiedad intelectual o industrial que sean accesibles en el Sitio Web son propiedad exclusiva de GLOBAL HEALTH PROJECTS S.L.U o de sus leg\u00edtimos titulares. Queda prohibida la creaci\u00f3n de enlaces de hipertexto (links) a cualquier elemento del Sitio Web sin la autorizaci\u00f3n de GLOBAL HEALTH PROJECTS S.L.U, salvo en aquellas secciones que no requieran identificaci\u00f3n o autenticaci\u00f3n.<\/p>\n<\/div>\n<div class=\"section\">\n<h3>Legislaci\u00f3n aplicable, jurisdicci\u00f3n competente y notificaciones<\/h3>\n<p>Estos t\u00e9rminos y condiciones se regir\u00e1n e interpretar\u00e1n de acuerdo con las leyes de Espa\u00f1a. Para cualquier reclamaci\u00f3n, ser\u00e1n competentes los juzgados y tribunales del territorio espa\u00f1ol. Todas las notificaciones o comunicaciones que el usuario desee efectuar a GLOBAL HEALTH PROJECTS S.L.U deber\u00e1n realizarse por escrito y se considerar\u00e1n v\u00e1lidas una vez recibidas en la direcci\u00f3n de correo <a href=\"mailto:homes@globalhp.es\">homes@globalhp.es<\/a>.<\/p>\n<\/div>\n<\/div>\n<p><img decoding=\"async\" src=\"\/wp-content\/uploads\/cta-icon.svg\" alt=\"\"><\/p>\n<h2>\u00bfTienes alguna duda?<\/h2>\n<p><p>\n        <a href=\"mailto:homes@globalhp.es\">Contacta con nosotros<\/a>\n    <\/p>\n<\/p>\n<p><!--more--><br \/>\n<!-- {\"type\":\"layout\",\"children\":[{\"name\":\"Hero\",\"type\":\"section\",\"props\":{\"image_position\":\"center-center\",\"padding_remove_top\":true,\"style\":\"default\",\"title_breakpoint\":\"xl\",\"title_position\":\"top-left\",\"title_rotation\":\"left\",\"vertical_align\":\"\",\"width\":\"\"},\"children\":[{\"type\":\"row\",\"children\":[{\"type\":\"column\",\"props\":{\"image_position\":\"center-center\",\"position_sticky_breakpoint\":\"m\",\"width_medium\":\"1-1\"},\"children\":[{\"type\":\"image\",\"props\":{\"image\":\"wp-content\\\/uploads\\\/imprint-hero.jpg\",\"image_loading\":true,\"image_svg_color\":\"emphasis\",\"image_width\":\"2560\",\"margin\":\"\"}}]}]}]},{\"name\":\"Terms\",\"type\":\"section\",\"props\":{\"image_position\":\"center-center\",\"style\":\"default\",\"title_breakpoint\":\"xl\",\"title_position\":\"top-left\",\"title_rotation\":\"left\",\"vertical_align\":\"\",\"width\":\"small\"},\"children\":[{\"type\":\"row\",\"props\":{\"margin\":\"large\"},\"children\":[{\"type\":\"column\",\"props\":{\"image_position\":\"center-center\",\"position_sticky_breakpoint\":\"m\",\"width_medium\":\"1-1\"},\"children\":[{\"type\":\"headline\",\"props\":{\"content\":\"Aviso Legal\",\"margin_remove_bottom\":false,\"margin_remove_top\":true,\"title_element\":\"h1\",\"title_style\":\"heading-medium\"}},{\"type\":\"text\",\"props\":{\"column_breakpoint\":\"m\",\"content\":\"\n\n<div class=\\\"section\\\">\\n\n\n<h2>Datos del documento<\\\/h2>\\n\n\n<p><strong>Sistema de Gesti\\u00f3n de Protecci\\u00f3n de Datos (SGPD)<\\\/strong><\\\/p>\\n\n\n<p><strong>\\u00c1mbito:<\\\/strong> Protecci\\u00f3n de datos<\\\/p>\\n\n\n<p><strong>Descripci\\u00f3n:<\\\/strong> Aviso legal<\\\/p>\\n\n\n<p><strong>Clasificaci\\u00f3n:<\\\/strong> Distribuci\\u00f3n limitada (DL)<\\\/p>\\n\n\n<p><strong>Versi\\u00f3n:<\\\/strong> 1.0<\\\/p>\\n\n\n<p><strong>Fecha:<\\\/strong> 04\\\/04\\\/2025<\\\/p>\\n\n\n<p><strong>P\\u00e1gina:<\\\/strong> 1 de 1<\\\/p>\\n<\\\/div>\\n\n\n<div class=\\\"section\\\">\\n\n\n<h2>Datos identificativos<\\\/h2>\\n\n\n<p><strong>Denominaci\\u00f3n Social:<\\\/strong> GLOBAL HEALTH PROJECTS S.L.U<\\\/p>\\n\n\n<p><strong>NIF:<\\\/strong> B83764779<\\\/p>\\n\n\n<p><strong>Domicilio Social:<\\\/strong> Collado Ventoso 21, 28231, Las Rozas, Madrid<\\\/p>\\n\n\n<p><strong>Tel\\u00e9fono:<\\\/strong> 630884771<\\\/p>\\n\n\n<p><strong>Correo electr\\u00f3nico:<\\\/strong> <a href=\\\"mailto:homes@globalhp.es\\\">homes@globalhp.es<\\\/a><\\\/p>\\n\n\n<p>Est\\u00e1 inscrita en el Registro Mercantil de Madrid, al tomo 19406, folio 21, hoja M-340400, inscripci\\u00f3n.<\\\/p>\\n<\\\/div>\\n\n\n<div class=\\\"section\\\">\\n\n\n<h2>Introducci\\u00f3n<\\\/h2>\\n\n\n<p>Los presentes <strong>T\\u00c9RMINOS Y CONDICIONES DE USO DEL SITIO WEB<\\\/strong> regulan los t\\u00e9rminos y condiciones de acceso y uso de <a href=\\\"http:\\\/\\\/www.globalhp.es\\\" target=\\\"_blank\\\" rel=\\\"noopener\\\">http:\\\/\\\/www.globalhp.es<\\\/a> (en adelante, el \\u201cSitio Web\\u201d), propiedad de GLOBAL HEALTH PROJECTS S.L.U.<\\\/p>\\n\n\n<p>El usuario deber\\u00e1 leer y aceptar estas condiciones para poder utilizar todos los servicios e informaci\\u00f3n facilitados desde el Sitio Web. El mero acceso o utilizaci\\u00f3n del Sitio Web, en todo o en parte, implica la plena aceptaci\\u00f3n de estos t\\u00e9rminos y condiciones.<\\\/p>\\n<\\\/div>\\n\n\n<div class=\\\"section\\\">\\n\n\n<h2>T\\u00e9rminos y condiciones de uso<\\\/h2>\\n\n\n<p>Estos t\\u00e9rminos y condiciones regulan el acceso y la utilizaci\\u00f3n del Sitio Web, incluyendo los contenidos y servicios puestos a disposici\\u00f3n de los usuarios, ya sea por GLOBAL HEALTH PROJECTS S.L.U, por sus usuarios o por terceros. Algunos contenidos y servicios pueden estar sujetos a condiciones espec\\u00edficas.<\\\/p>\\n<\\\/div>\\n\n\n<div class=\\\"section\\\">\\n\n\n<h3>Modificaciones<\\\/h3>\\n\n\n<p>GLOBAL HEALTH PROJECTS S.L.U se reserva el derecho de modificar en cualquier momento estos t\\u00e9rminos y condiciones de uso. Se recomienda consultar peri\\u00f3dicamente este documento, ya que puede sufrir modificaciones.<\\\/p>\\n<\\\/div>\\n\n\n<div class=\\\"section\\\">\\n\n\n<h3>Informaci\\u00f3n y servicios<\\\/h3>\\n\n\n<p>Los usuarios pueden acceder a trav\\u00e9s del Sitio Web a diversos tipos de informaci\\u00f3n y servicios. GLOBAL HEALTH PROJECTS S.L.U se reserva la facultad de modificar, sin previo aviso, la presentaci\\u00f3n y configuraci\\u00f3n de dicha informaci\\u00f3n y servicios. El usuario reconoce y acepta que en cualquier momento GLOBAL HEALTH PROJECTS S.L.U pueda interrumpir, desactivar o cancelar cualquier informaci\\u00f3n o servicio.<\\\/p>\\n<\\\/div>\\n\n\n<div class=\\\"section\\\">\\n\n\n<h3>Disponibilidad de la informaci\\u00f3n y servicios<\\\/h3>\\n\n\n<p>GLOBAL HEALTH PROJECTS S.L.U no garantiza la disponibilidad continua y permanente de los servicios, quedando exonerado de cualquier responsabilidad por da\\u00f1os y perjuicios derivados de la falta de disponibilidad, ya sea por motivos de fuerza mayor, errores en las redes de datos o por trabajos de mantenimiento.<\\\/p>\\n<\\\/div>\\n\n\n<div class=\\\"section\\\">\\n\n\n<h3>Responsabilidad del sitio web<\\\/h3>\\n\n\n<p>GLOBAL HEALTH PROJECTS S.L.U no asume responsabilidad alguna por los posibles da\\u00f1os y perjuicios causados por el uso de la informaci\\u00f3n, datos y servicios del Sitio Web. Tampoco se responsabiliza por los da\\u00f1os derivados de la informaci\\u00f3n y servicios proporcionados por terceros.<\\\/p>\\n<\\\/div>\\n\n\n<div class=\\\"section\\\">\\n\n\n<h3>Obligaciones del usuario<\\\/h3>\\n\n\n<p>El usuario se compromete a respetar en todo momento estos t\\u00e9rminos y condiciones, utilizando el Sitio Web de forma diligente y asumiendo cualquier responsabilidad derivada del incumplimiento de las normas. Adem\\u00e1s, se proh\\u00edbe el uso del Sitio Web para actividades contrarias a la Ley, la moral o el orden p\\u00fablico, as\\u00ed como la difusi\\u00f3n, almacenamiento o gesti\\u00f3n de datos o contenidos que infrinjan derechos de terceros o normativas de propiedad intelectual o industrial.<\\\/p>\\n\n\n<p>El usuario indemnizar\\u00e1 y mantendr\\u00e1 indemne a GLOBAL HEALTH PROJECTS S.L.U por cualquier da\\u00f1o, perjuicio, sanci\\u00f3n o multa que se derive del incumplimiento de estas obligaciones.<\\\/p>\\n<\\\/div>\\n\n\n<div class=\\\"section\\\">\\n\n\n<h3>Datos de car\\u00e1cter personal<\\\/h3>\\n\n\n<p>La informaci\\u00f3n o datos personales facilitados por el usuario ser\\u00e1n tratados de acuerdo con lo establecido en la Pol\\u00edtica de Privacidad del Sitio Web.<\\\/p>\\n<\\\/div>\\n\n\n<div class=\\\"section\\\">\\n\n\n<h3>Enlaces a otros sitios web<\\\/h3>\\n\n\n<p>GLOBAL HEALTH PROJECTS S.L.U no asume responsabilidad alguna por los da\\u00f1os y perjuicios que pudieran derivarse del acceso a servicios de terceros a trav\\u00e9s de enlaces o v\\u00ednculos incluidos en el Sitio Web. Dichos enlaces tienen \\u00fanicamente la funci\\u00f3n de informar sobre la existencia de otras fuentes de informaci\\u00f3n en Internet.<\\\/p>\\n<\\\/div>\\n\n\n<div class=\\\"section\\\">\\n\n\n<h3>Propiedad intelectual e industrial<\\\/h3>\\n\n\n<p>Todos los contenidos, marcas, logotipos, dibujos, documentaci\\u00f3n, programas inform\\u00e1ticos y cualquier otro elemento protegido por la legislaci\\u00f3n de propiedad intelectual o industrial que sean accesibles en el Sitio Web son propiedad exclusiva de GLOBAL HEALTH PROJECTS S.L.U o de sus leg\\u00edtimos titulares. Queda prohibida la creaci\\u00f3n de enlaces de hipertexto (links) a cualquier elemento del Sitio Web sin la autorizaci\\u00f3n de GLOBAL HEALTH PROJECTS S.L.U, salvo en aquellas secciones que no requieran identificaci\\u00f3n o autenticaci\\u00f3n.<\\\/p>\\n<\\\/div>\\n\n\n<div class=\\\"section\\\">\\n\n\n<h3>Legislaci\\u00f3n aplicable, jurisdicci\\u00f3n competente y notificaciones<\\\/h3>\\n\n\n<p>Estos t\\u00e9rminos y condiciones se regir\\u00e1n e interpretar\\u00e1n de acuerdo con las leyes de Espa\\u00f1a. Para cualquier reclamaci\\u00f3n, ser\\u00e1n competentes los juzgados y tribunales del territorio espa\\u00f1ol. Todas las notificaciones o comunicaciones que el usuario desee efectuar a GLOBAL HEALTH PROJECTS S.L.U deber\\u00e1n realizarse por escrito y se considerar\\u00e1n v\\u00e1lidas una vez recibidas en la direcci\\u00f3n de correo <a href=\\\"mailto:homes@globalhp.es\\\">homes@globalhp.es<\\\/a>.<\\\/p>\\n<\\\/div>\",\"margin\":\"default\"}}]}]}]},{\"name\":\"Call to Action\",\"type\":\"section\",\"props\":{\"image_position\":\"center-center\",\"padding_remove_bottom\":true,\"padding_remove_top\":false,\"style\":\"default\",\"text_color\":\"light\",\"title_breakpoint\":\"xl\",\"title_position\":\"top-left\",\"title_rotation\":\"left\",\"vertical_align\":\"\",\"width\":\"xlarge\"},\"children\":[{\"type\":\"row\",\"children\":[{\"type\":\"column\",\"props\":{\"image\":\"wp-content\\\/uploads\\\/cta-bg.jpg\",\"image_position\":\"center-center\",\"image_size\":\"cover\",\"image_width\":\"1600\",\"padding\":\"large\",\"position_sticky_breakpoint\":\"m\",\"text_color\":\"light\",\"vertical_align\":\"middle\",\"width_medium\":\"1-1\"},\"children\":[{\"type\":\"image\",\"props\":{\"image\":\"wp-content\\\/uploads\\\/cta-icon.svg\",\"image_svg_color\":\"emphasis\",\"image_svg_inline\":true,\"margin\":\"default\",\"text_align\":\"center\"}},{\"type\":\"headline\",\"props\":{\"content\":\"\\u00bfTienes alguna duda?\",\"margin\":\"default\",\"text_align\":\"center\",\"title_element\":\"h2\",\"title_style\":\"heading-small\"}},{\"type\":\"button\",\"props\":{\"button_size\":\"large\",\"fullwidth\":false,\"grid_column_gap\":\"\",\"grid_row_gap\":\"\",\"margin\":\"large\",\"margin_remove_bottom\":false,\"text_align\":\"center\"},\"children\":[{\"type\":\"button_item\",\"props\":{\"button_style\":\"default\",\"content\":\"Contacta con nosotros\",\"dialog_layout\":\"modal\",\"dialog_offcanvas_flip\":true,\"icon\":\"mail\",\"icon_align\":\"left\",\"link\":\"mailto:homes@globalhp.es\"}}]}]}]}]}],\"version\":\"4.5.28\"} --><\/p>\n","protected":false},"excerpt":{"rendered":"<p>Aviso Legal Datos del documento Sistema de Gesti\u00f3n de Protecci\u00f3n de Datos (SGPD) \u00c1mbito: Protecci\u00f3n de datos Descripci\u00f3n: Aviso legal Clasificaci\u00f3n: Distribuci\u00f3n limitada (DL) Versi\u00f3n: 1.0 Fecha: 04\/04\/2025 P\u00e1gina: 1 de 1 Datos identificativos Denominaci\u00f3n Social: GLOBAL HEALTH PROJECTS S.L.U NIF: B83764779 Domicilio Social: Collado Ventoso 21, 28231, Las Rozas, Madrid Tel\u00e9fono: 630884771 Correo electr\u00f3nico: [&hellip;]<\/p>\n","protected":false},"author":1,"featured_media":0,"parent":0,"menu_order":0,"comment_status":"closed","ping_status":"closed","template":"","meta":{"_acf_changed":false,"footnotes":""},"class_list":["post-4263","page","type-page","status-publish","hentry"],"acf":[],"yoast_head":"<!-- This site is optimized with the Yoast SEO plugin v27.4 - https:\/\/yoast.com\/product\/yoast-seo-wordpress\/ -->\n<title>Aviso Legal - Viviendas en Alquiler Madrid | Global Homes<\/title>\n<meta name=\"robots\" content=\"noindex, nofollow\" \/>\n<meta property=\"og:locale\" content=\"en_GB\" \/>\n<meta property=\"og:type\" content=\"article\" \/>\n<meta property=\"og:title\" content=\"Aviso Legal - Viviendas en Alquiler Madrid | Global Homes\" \/>\n<meta property=\"og:description\" content=\"Aviso Legal Datos del documento Sistema de Gesti\u00f3n de Protecci\u00f3n de Datos (SGPD) \u00c1mbito: Protecci\u00f3n de datos Descripci\u00f3n: Aviso legal Clasificaci\u00f3n: Distribuci\u00f3n limitada (DL) Versi\u00f3n: 1.0 Fecha: 04\/04\/2025 P\u00e1gina: 1 de 1 Datos identificativos Denominaci\u00f3n Social: GLOBAL HEALTH PROJECTS S.L.U NIF: B83764779 Domicilio Social: Collado Ventoso 21, 28231, Las Rozas, Madrid Tel\u00e9fono: 630884771 Correo electr\u00f3nico: [&hellip;]\" \/>\n<meta property=\"og:url\" content=\"https:\/\/globalhp.es\/en\/aviso-legal\/\" \/>\n<meta property=\"og:site_name\" content=\"Viviendas en Alquiler Madrid | Global Homes\" \/>\n<meta property=\"article:modified_time\" content=\"2025-10-07T11:36:41+00:00\" \/>\n<meta name=\"twitter:card\" content=\"summary_large_image\" \/>\n<meta name=\"twitter:label1\" content=\"Estimated reading time\" \/>\n\t<meta name=\"twitter:data1\" content=\"3 minutes\" \/>\n<script type=\"application\/ld+json\" class=\"yoast-schema-graph\">{\"@context\":\"https:\\\/\\\/schema.org\",\"@graph\":[{\"@type\":\"WebPage\",\"@id\":\"https:\\\/\\\/globalhp.es\\\/aviso-legal\\\/\",\"url\":\"https:\\\/\\\/globalhp.es\\\/aviso-legal\\\/\",\"name\":\"Aviso Legal - Viviendas en Alquiler Madrid | Global Homes\",\"isPartOf\":{\"@id\":\"https:\\\/\\\/globalhp.es\\\/#website\"},\"datePublished\":\"2025-04-04T10:24:55+00:00\",\"dateModified\":\"2025-10-07T11:36:41+00:00\",\"breadcrumb\":{\"@id\":\"https:\\\/\\\/globalhp.es\\\/aviso-legal\\\/#breadcrumb\"},\"inLanguage\":\"en-GB\",\"potentialAction\":[{\"@type\":\"ReadAction\",\"target\":[\"https:\\\/\\\/globalhp.es\\\/aviso-legal\\\/\"]}]},{\"@type\":\"BreadcrumbList\",\"@id\":\"https:\\\/\\\/globalhp.es\\\/aviso-legal\\\/#breadcrumb\",\"itemListElement\":[{\"@type\":\"ListItem\",\"position\":1,\"name\":\"Home\",\"item\":\"https:\\\/\\\/globalhp.es\\\/\"},{\"@type\":\"ListItem\",\"position\":2,\"name\":\"Aviso Legal\"}]},{\"@type\":\"WebSite\",\"@id\":\"https:\\\/\\\/globalhp.es\\\/#website\",\"url\":\"https:\\\/\\\/globalhp.es\\\/\",\"name\":\"Viviendas en Alquiler Madrid | Global Homes\",\"description\":\"Alquiler de viviendas por d\u00edas y semanas en Madrid\",\"publisher\":{\"@id\":\"https:\\\/\\\/globalhp.es\\\/#organization\"},\"potentialAction\":[{\"@type\":\"SearchAction\",\"target\":{\"@type\":\"EntryPoint\",\"urlTemplate\":\"https:\\\/\\\/globalhp.es\\\/?s={search_term_string}\"},\"query-input\":{\"@type\":\"PropertyValueSpecification\",\"valueRequired\":true,\"valueName\":\"search_term_string\"}}],\"inLanguage\":\"en-GB\"},{\"@type\":\"Organization\",\"@id\":\"https:\\\/\\\/globalhp.es\\\/#organization\",\"name\":\"Viviendas en Alquiler Madrid | Global Homes\",\"url\":\"https:\\\/\\\/globalhp.es\\\/\",\"logo\":{\"@type\":\"ImageObject\",\"inLanguage\":\"en-GB\",\"@id\":\"https:\\\/\\\/globalhp.es\\\/#\\\/schema\\\/logo\\\/image\\\/\",\"url\":\"https:\\\/\\\/globalhp.es\\\/wp-content\\\/uploads\\\/2025\\\/01\\\/GHP_Logo_Homes_325px.png\",\"contentUrl\":\"https:\\\/\\\/globalhp.es\\\/wp-content\\\/uploads\\\/2025\\\/01\\\/GHP_Logo_Homes_325px.png\",\"width\":325,\"height\":104,\"caption\":\"Viviendas en Alquiler Madrid | Global Homes\"},\"image\":{\"@id\":\"https:\\\/\\\/globalhp.es\\\/#\\\/schema\\\/logo\\\/image\\\/\"}}]}<\/script>\n<!-- \/ Yoast SEO plugin. -->","yoast_head_json":{"title":"Aviso Legal - Viviendas en Alquiler Madrid | Global Homes","robots":{"index":"noindex","follow":"nofollow"},"og_locale":"en_GB","og_type":"article","og_title":"Aviso Legal - Viviendas en Alquiler Madrid | Global Homes","og_description":"Aviso Legal Datos del documento Sistema de Gesti\u00f3n de Protecci\u00f3n de Datos (SGPD) \u00c1mbito: Protecci\u00f3n de datos Descripci\u00f3n: Aviso legal Clasificaci\u00f3n: Distribuci\u00f3n limitada (DL) Versi\u00f3n: 1.0 Fecha: 04\/04\/2025 P\u00e1gina: 1 de 1 Datos identificativos Denominaci\u00f3n Social: GLOBAL HEALTH PROJECTS S.L.U NIF: B83764779 Domicilio Social: Collado Ventoso 21, 28231, Las Rozas, Madrid Tel\u00e9fono: 630884771 Correo electr\u00f3nico: [&hellip;]","og_url":"https:\/\/globalhp.es\/en\/aviso-legal\/","og_site_name":"Viviendas en Alquiler Madrid | Global Homes","article_modified_time":"2025-10-07T11:36:41+00:00","twitter_card":"summary_large_image","twitter_misc":{"Estimated reading time":"3 minutes"},"schema":{"@context":"https:\/\/schema.org","@graph":[{"@type":"WebPage","@id":"https:\/\/globalhp.es\/aviso-legal\/","url":"https:\/\/globalhp.es\/aviso-legal\/","name":"Aviso Legal - Viviendas en Alquiler Madrid | Global Homes","isPartOf":{"@id":"https:\/\/globalhp.es\/#website"},"datePublished":"2025-04-04T10:24:55+00:00","dateModified":"2025-10-07T11:36:41+00:00","breadcrumb":{"@id":"https:\/\/globalhp.es\/aviso-legal\/#breadcrumb"},"inLanguage":"en-GB","potentialAction":[{"@type":"ReadAction","target":["https:\/\/globalhp.es\/aviso-legal\/"]}]},{"@type":"BreadcrumbList","@id":"https:\/\/globalhp.es\/aviso-legal\/#breadcrumb","itemListElement":[{"@type":"ListItem","position":1,"name":"Home","item":"https:\/\/globalhp.es\/"},{"@type":"ListItem","position":2,"name":"Aviso Legal"}]},{"@type":"WebSite","@id":"https:\/\/globalhp.es\/#website","url":"https:\/\/globalhp.es\/","name":"Viviendas en Alquiler Madrid | Global Homes","description":"Alquiler de viviendas por d\u00edas y semanas en Madrid","publisher":{"@id":"https:\/\/globalhp.es\/#organization"},"potentialAction":[{"@type":"SearchAction","target":{"@type":"EntryPoint","urlTemplate":"https:\/\/globalhp.es\/?s={search_term_string}"},"query-input":{"@type":"PropertyValueSpecification","valueRequired":true,"valueName":"search_term_string"}}],"inLanguage":"en-GB"},{"@type":"Organization","@id":"https:\/\/globalhp.es\/#organization","name":"Viviendas en Alquiler Madrid | Global Homes","url":"https:\/\/globalhp.es\/","logo":{"@type":"ImageObject","inLanguage":"en-GB","@id":"https:\/\/globalhp.es\/#\/schema\/logo\/image\/","url":"https:\/\/globalhp.es\/wp-content\/uploads\/2025\/01\/GHP_Logo_Homes_325px.png","contentUrl":"https:\/\/globalhp.es\/wp-content\/uploads\/2025\/01\/GHP_Logo_Homes_325px.png","width":325,"height":104,"caption":"Viviendas en Alquiler Madrid | Global Homes"},"image":{"@id":"https:\/\/globalhp.es\/#\/schema\/logo\/image\/"}}]}},"_links":{"self":[{"href":"https:\/\/globalhp.es\/en\/wp-json\/wp\/v2\/pages\/4263","targetHints":{"allow":["GET"]}}],"collection":[{"href":"https:\/\/globalhp.es\/en\/wp-json\/wp\/v2\/pages"}],"about":[{"href":"https:\/\/globalhp.es\/en\/wp-json\/wp\/v2\/types\/page"}],"author":[{"embeddable":true,"href":"https:\/\/globalhp.es\/en\/wp-json\/wp\/v2\/users\/1"}],"replies":[{"embeddable":true,"href":"https:\/\/globalhp.es\/en\/wp-json\/wp\/v2\/comments?post=4263"}],"version-history":[{"count":8,"href":"https:\/\/globalhp.es\/en\/wp-json\/wp\/v2\/pages\/4263\/revisions"}],"predecessor-version":[{"id":6934,"href":"https:\/\/globalhp.es\/en\/wp-json\/wp\/v2\/pages\/4263\/revisions\/6934"}],"wp:attachment":[{"href":"https:\/\/globalhp.es\/en\/wp-json\/wp\/v2\/media?parent=4263"}],"curies":[{"name":"wp","href":"https:\/\/api.w.org\/{rel}","templated":true}]}}