{"id":6083,"date":"2025-07-24T11:55:55","date_gmt":"2025-07-24T11:55:55","guid":{"rendered":"https:\/\/globalhp.es\/?page_id=6083"},"modified":"2025-07-24T14:24:20","modified_gmt":"2025-07-24T14:24:20","slug":"contacto","status":"publish","type":"page","link":"https:\/\/globalhp.es\/en\/contacto\/","title":{"rendered":"Call me"},"content":{"rendered":"<p><img decoding=\"async\" src=\"\/wp-content\/uploads\/contact-hero.jpg\" alt=\"Contacto de Global Homes\"><\/p>\n<div>\n<style id=\"wpforms-css-vars-6087\">\n\t\t\t\t#wpforms-6087 {\n\t\t\t\t--wpforms-container-padding: 0px;\n--wpforms-container-border-width: 1px;\n--wpforms-container-border-radius: 3px;\n--wpforms-background-color: rgba(0, 0, 0, 0);\n--wpforms-field-size-input-height: 43px;\n--wpforms-field-size-input-spacing: 15px;\n--wpforms-field-size-font-size: 16px;\n--wpforms-field-size-line-height: 19px;\n--wpforms-field-size-padding-h: 14px;\n--wpforms-field-size-checkbox-size: 16px;\n--wpforms-field-size-sublabel-spacing: 5px;\n--wpforms-field-size-icon-size: 1;\n--wpforms-label-size-font-size: 16px;\n--wpforms-label-size-line-height: 19px;\n--wpforms-label-size-sublabel-font-size: 14px;\n--wpforms-label-size-sublabel-line-height: 17px;\n--wpforms-button-size-font-size: 17px;\n--wpforms-button-size-height: 41px;\n--wpforms-button-size-padding-h: 15px;\n--wpforms-button-size-margin-top: 10px;\n--wpforms-container-shadow-size-box-shadow: none;\n\t\t\t}\n\t\t\t<\/style><div class=\"wpforms-container wpforms-container-full wpforms-render-modern\" id=\"wpforms-6087\"><form id=\"wpforms-form-6087\" class=\"wpforms-validate wpforms-form wpforms-ajax-form\" data-formid=\"6087\" method=\"post\" enctype=\"multipart\/form-data\" action=\"\/en\/wp-json\/wp\/v2\/pages\/6083\" data-token=\"9a3f89cd47454ad9e430e07b8a89a550\" data-token-time=\"1777730947\"><noscript class=\"wpforms-error-noscript\">Please enable JavaScript in your browser to complete this form.<\/noscript><div id=\"wpforms-error-noscript\" style=\"display: none;\">Please enable JavaScript in your browser to complete this form.<\/div><div class=\"wpforms-field-container\"><div id=\"wpforms-6087-field_1-container\" class=\"wpforms-field wpforms-field-name\" data-field-id=\"1\"><label class=\"wpforms-field-label\" for=\"wpforms-6087-field_1\">Nombre <span class=\"wpforms-required-label\" aria-hidden=\"true\">*<\/span><\/label><input type=\"text\" id=\"wpforms-6087-field_1\" class=\"wpforms-field-medium wpforms-field-required\" name=\"wpforms[fields][1]\" aria-errormessage=\"wpforms-6087-field_1-error\" required><\/div>\t\t<div id=\"wpforms-6087-field_4-container\"\n\t\t\tclass=\"wpforms-field wpforms-field-text\"\n\t\t\tdata-field-type=\"text\"\n\t\t\tdata-field-id=\"4\"\n\t\t\t>\n\t\t\t<label class=\"wpforms-field-label\" for=\"wpforms-6087-field_4\" >protecci\u00f3n o electr\u00f3nico<\/label>\n\t\t\t<input type=\"text\" id=\"wpforms-6087-field_4\" class=\"wpforms-field-medium\" name=\"wpforms[fields][4]\" >\n\t\t<\/div>\n\t\t<div id=\"wpforms-6087-field_2-container\" class=\"wpforms-field wpforms-field-email\" data-field-id=\"2\"><label class=\"wpforms-field-label\" for=\"wpforms-6087-field_2\">Correo electr\u00f3nico <span class=\"wpforms-required-label\" aria-hidden=\"true\">*<\/span><\/label><input type=\"email\" id=\"wpforms-6087-field_2\" class=\"wpforms-field-medium wpforms-field-required\" name=\"wpforms[fields][2]\" spellcheck=\"false\" aria-errormessage=\"wpforms-6087-field_2-error\" required><\/div><div id=\"wpforms-6087-field_3-container\" class=\"wpforms-field wpforms-field-textarea\" data-field-id=\"3\"><label class=\"wpforms-field-label\" for=\"wpforms-6087-field_3\">Comentario o mensaje<\/label><textarea id=\"wpforms-6087-field_3\" class=\"wpforms-field-medium\" name=\"wpforms[fields][3]\" aria-errormessage=\"wpforms-6087-field_3-error\" ><\/textarea><\/div><div id=\"wpforms-6087-field_5-container\" class=\"wpforms-field wpforms-field-checkbox\" data-field-id=\"5\"><fieldset><legend class=\"wpforms-field-label\">Informaci\u00f3n b\u00e1sica sobre protecci\u00f3n de datos:<\/legend><ul id=\"wpforms-6087-field_5\"><li class=\"choice-1 depth-1\"><input type=\"checkbox\" id=\"wpforms-6087-field_5_1\" name=\"wpforms[fields][5][]\" value=\"Declaro haber entendido la informaci\u00f3n facilitada y consiento el tratamiento que se efectuar\u00e1 de mis datos de car\u00e1cter personal.\" aria-errormessage=\"wpforms-6087-field_5_1-error\" aria-describedby=\"wpforms-6087-field_5-description\"  ><label class=\"wpforms-field-label-inline\" for=\"wpforms-6087-field_5_1\">Declaro haber entendido la informaci\u00f3n facilitada y consiento el tratamiento que se efectuar\u00e1 de mis datos de car\u00e1cter personal.<\/label><\/li><\/ul><div id=\"wpforms-6087-field_5-description\" class=\"wpforms-field-description\"><p style=\"font-size:0.9rem;color:#000;margin-top:10px;\">\nEl responsable del tratamiento es <strong>Global Health Projects S.L.U.<\/strong> (ESB83764779), con domicilio en Collado Ventoso 21, 28231, Las Rozas, Madrid,\u00a0correo electr\u00f3nico <a href=\"mailto:mlosa@globalhp.es\" style=\"color:#000;text-decoration:underline;\">mlosa@globalhp.es<\/a> y tel\u00e9fono <a href=\"tel:+34630884771\" style=\"color:#000;text-decoration:underline;\">630884771<\/a>. La finalidad principal es gestionar la potencial relaci\u00f3n comercial o profesional y atender las consultas o solicitudes de informaci\u00f3n que nos remita.\u00a0Puede ejercer sus derechos de acceso, rectificaci\u00f3n, supresi\u00f3n y portabilidad de sus datos, as\u00ed como los de limitaci\u00f3n y oposici\u00f3n a su tratamiento,\u00a0y a no ser objeto de decisiones basadas \u00fanicamente en el tratamiento automatizado de sus datos, cuando proceda.\u00a0Puede consultar la informaci\u00f3n adicional y detallada sobre nuestra pol\u00edtica de privacidad en la <a href=\"\/politica-de-privacidad\" target=\"_blank\" style=\"color:#000;text-decoration:underline;\">Pol\u00edtica de Privacidad<\/a>.\n<\/p><\/div><\/fieldset><\/div><script>\n\t\t\t\t( function() {\n\t\t\t\t\tconst style = document.createElement( 'style' );\n\t\t\t\t\tstyle.appendChild( document.createTextNode( '#wpforms-6087-field_4-container { position: absolute !important; overflow: hidden !important; display: inline !important; height: 1px !important; width: 1px !important; z-index: -1000 !important; padding: 0 !important; } #wpforms-6087-field_4-container input { visibility: hidden; } #wpforms-conversational-form-page #wpforms-6087-field_4-container label { counter-increment: none; }' ) );\n\t\t\t\t\tdocument.head.appendChild( style );\n\t\t\t\t\tdocument.currentScript?.remove();\n\t\t\t\t} )();\n\t\t\t<\/script><\/div><!-- .wpforms-field-container --><div class=\"wpforms-submit-container\" ><input type=\"hidden\" name=\"wpforms[id]\" value=\"6087\"><input type=\"hidden\" name=\"page_title\" value=\"\"><input type=\"hidden\" name=\"page_url\" value=\"https:\/\/globalhp.es\/en\/wp-json\/wp\/v2\/pages\/6083\"><input type=\"hidden\" name=\"url_referer\" value=\"\"><button type=\"submit\" name=\"wpforms[submit]\" id=\"wpforms-submit-6087\" class=\"wpforms-submit\" data-alt-text=\"Enviando...\" data-submit-text=\"Enviar\" aria-live=\"assertive\" value=\"wpforms-submit\">Enviar<\/button><img loading=\"lazy\" decoding=\"async\" src=\"https:\/\/globalhp.es\/wp-content\/plugins\/wpforms-lite\/assets\/images\/submit-spin.svg\" class=\"wpforms-submit-spinner\" style=\"display: none;\" width=\"26\" height=\"26\" alt=\"Loading\"><\/div><\/form><\/div>  <!-- .wpforms-container --><\/div>\n<div>\n<h2>Global Homes<\/h2>\n<p>Madrid<\/p>\n<div>Gestionamos apartamentos en Madrid para que disfrutes de la libertad de vivir en la ubicaci\u00f3n que prefieras.<\/div>\n<\/div>\n<div>Estamos disponibles para atenderte directamente por WhatsApp si lo prefieres<\/div>\n<div>S\u00edguenos<\/div>\n<ul>\n<li><a href=\"https:\/\/www.instagram.com\/globalhomesprojects\/\">instagram<\/a>\n<\/li>\n<li><a href=\"https:\/\/www.tiktok.com\/@globalhomesspain\">tiktok<\/a>\n<\/li>\n<li><a href=\"https:\/\/www.facebook.com\/people\/Madrid-Homes\/pfbid02t2BRX1tDsBC3hbE44hbKjccToRUNTDpD4WE5urnj7ruvoi5G3YK9Uo7fpkHv86cMl\/\">facebook<\/a>\n<\/li>\n<li><a href=\"https:\/\/www.youtube.com\/channel\/UCai9hzHis2QjAop_Vdqh8Tw\">youtube<\/a>\n<\/li>\n<\/ul>\n<div>\n<p>40.49842999934592,-3.8753431029641536<\/p>\n<h3>Global Homes<\/h3>\n<\/div>\n<p><!--more--><br \/>\n<!-- {\"type\":\"layout\",\"children\":[{\"name\":\"Hero\",\"type\":\"section\",\"props\":{\"image_position\":\"center-center\",\"padding_remove_top\":true,\"style\":\"default\",\"title\":\"Global Homes Madrid\",\"title_breakpoint\":\"xl\",\"title_position\":\"center-right\",\"title_rotation\":\"left\",\"vertical_align\":\"\",\"width\":\"expand\"},\"children\":[{\"type\":\"row\",\"props\":{\"layout\":\"3-4,1-4\"},\"children\":[{\"type\":\"column\",\"props\":{\"image_position\":\"center-center\",\"position_sticky_breakpoint\":\"m\",\"width_medium\":\"3-4\"},\"children\":[{\"type\":\"image\",\"props\":{\"image\":\"wp-content\\\/uploads\\\/contact-hero.jpg\",\"image_alt\":\"Contacto de Global Homes\",\"image_loading\":true,\"image_svg_color\":\"emphasis\",\"image_width\":\"2560\",\"margin\":\"default\"}}]},{\"type\":\"column\",\"props\":{\"image_position\":\"center-center\",\"position_sticky_breakpoint\":\"m\",\"width_medium\":\"1-4\"}}]}]},{\"name\":\"Heading\",\"type\":\"section\",\"props\":{\"image\":\"wp-content\\\/uploads\\\/ornament-bg.svg\",\"image_position\":\"center-center\",\"image_width\":\"1250\",\"media_visibility\":\"m\",\"padding_remove_top\":true,\"style\":\"default\",\"title_breakpoint\":\"xl\",\"title_position\":\"top-left\",\"title_rotation\":\"left\",\"vertical_align\":\"\",\"width\":\"default\"},\"children\":[{\"type\":\"row\",\"props\":{\"width\":\"small\"},\"children\":[{\"type\":\"column\",\"props\":{\"image_position\":\"center-center\",\"position_sticky_breakpoint\":\"m\",\"width_medium\":\"1-1\"},\"children\":[{\"type\":\"html\",\"props\":{\"content\":\"[wpforms id=\\\"6087\\\" title=\\\"false\\\"]\"}}]}]}]},{\"name\":\"Locations\",\"type\":\"section\",\"props\":{\"image\":\"wp-content\\\/uploads\\\/lets-talk-location-texture.svg\",\"image_position\":\"center-center\",\"media_visibility\":\"l\",\"padding_remove_top\":true,\"style\":\"default\",\"title_breakpoint\":\"xl\",\"title_position\":\"top-left\",\"title_rotation\":\"left\",\"vertical_align\":\"\",\"width\":\"expand\"},\"children\":[{\"type\":\"row\",\"props\":{\"column_gap\":\"large\",\"layout\":\"3-5,2-5\",\"margin\":\"xlarge\",\"row_gap\":\"large\",\"width\":\"default\"},\"children\":[{\"type\":\"column\",\"props\":{\"image_position\":\"center-center\",\"position_sticky_breakpoint\":\"m\",\"vertical_align\":\"middle\",\"width_medium\":\"3-5\"},\"children\":[{\"type\":\"grid\",\"props\":{\"content_column_breakpoint\":\"m\",\"content_style\":\"text-lead\",\"filter_align\":\"left\",\"filter_all\":true,\"filter_grid_breakpoint\":\"m\",\"filter_grid_width\":\"auto\",\"filter_position\":\"top\",\"filter_style\":\"tab\",\"grid_default\":\"1\",\"grid_medium\":\"\",\"grid_small\":\"2\",\"icon_width\":80,\"image_align\":\"top\",\"image_grid_breakpoint\":\"m\",\"image_grid_width\":\"1-2\",\"image_svg_color\":\"emphasis\",\"item_animation\":true,\"lightbox_bg_close\":true,\"link_style\":\"text\",\"link_target\":true,\"link_text\":\"Open in map\",\"margin\":\"default\",\"meta_align\":\"below-title\",\"meta_element\":\"div\",\"meta_style\":\"text-meta\",\"panel_padding\":\"default\",\"panel_style\":\"card-primary\",\"parallax_easing\":\"1\",\"show_content\":true,\"show_hover_image\":true,\"show_hover_video\":true,\"show_image\":true,\"show_link\":true,\"show_meta\":true,\"show_title\":true,\"show_video\":true,\"title_align\":\"top\",\"title_element\":\"h2\",\"title_grid_breakpoint\":\"m\",\"title_grid_width\":\"1-2\",\"title_hover_style\":\"reset\",\"title_style\":\"h3\"},\"children\":[{\"type\":\"grid_item\",\"props\":{\"content\":\"Gestionamos apartamentos en Madrid para que disfrutes de la libertad de vivir en la ubicaci\\u00f3n que prefieras.\",\"meta\":\"Madrid\",\"title\":\"Global Homes\"}}]}]},{\"type\":\"column\",\"props\":{\"image_position\":\"center-center\",\"position_sticky_breakpoint\":\"m\",\"vertical_align\":\"middle\",\"width_medium\":\"2-5\"},\"children\":[{\"type\":\"headline\",\"props\":{\"content\":\"Estamos disponibles para atenderte directamente por WhatsApp si lo prefieres\",\"title_element\":\"div\",\"title_style\":\"h1\"}},{\"type\":\"headline\",\"props\":{\"animation\":\"parallax\",\"content\":\"S\\u00edguenos\",\"margin\":\"large\",\"margin_remove_bottom\":true,\"parallax_easing\":\"1\",\"parallax_end\":\"80vh + 80%\",\"parallax_opacity\":\"0,1\",\"text_align\":\"left\",\"text_align_breakpoint\":\"m\",\"text_align_fallback\":\"center\",\"title_color\":\"muted\",\"title_element\":\"div\",\"title_style\":\"h6\"}},{\"type\":\"social\",\"props\":{\"animation\":\"parallax\",\"block_align\":\"center\",\"grid\":\"horizontal\",\"grid_column_gap\":\"small\",\"grid_row_gap\":\"small\",\"image_svg_inline\":true,\"link_style\":\"link\",\"link_target\":true,\"margin\":\"default\",\"parallax_easing\":\"1\",\"parallax_end\":\"80vh + 80%\",\"parallax_opacity\":\"0,1\",\"parallax_y\":\"20,0\",\"text_align\":\"left\",\"text_align_breakpoint\":\"m\",\"text_align_fallback\":\"center\"},\"children\":[{\"type\":\"social_item\",\"props\":{\"link\":\"https:\\\/\\\/www.instagram.com\\\/globalhomesprojects\\\/\",\"link_aria_label\":\"Instagram\"}},{\"type\":\"social_item\",\"props\":{\"link\":\"https:\\\/\\\/www.tiktok.com\\\/@globalhomesspain\",\"link_aria_label\":\"Tiktok\"}},{\"type\":\"social_item\",\"props\":{\"link\":\"https:\\\/\\\/www.facebook.com\\\/people\\\/Madrid-Homes\\\/pfbid02t2BRX1tDsBC3hbE44hbKjccToRUNTDpD4WE5urnj7ruvoi5G3YK9Uo7fpkHv86cMl\\\/\",\"link_aria_label\":\"Facebook\"}},{\"type\":\"social_item\",\"props\":{\"link\":\"https:\\\/\\\/www.youtube.com\\\/channel\\\/UCai9hzHis2QjAop_Vdqh8Tw\",\"link_aria_label\":\"youtube\"}}]}]}]},{\"type\":\"row\",\"children\":[{\"type\":\"column\",\"props\":{\"image_position\":\"center-center\",\"position_sticky_breakpoint\":\"m\",\"width_medium\":\"1-1\"},\"children\":[{\"type\":\"map\",\"props\":{\"controls\":true,\"dragging\":false,\"height\":\"500\",\"image_svg_color\":\"emphasis\",\"link_style\":\"default\",\"link_text\":\"Read more\",\"margin\":\"default\",\"max_zoom\":18,\"meta_align\":\"below-title\",\"meta_element\":\"div\",\"meta_style\":\"text-meta\",\"min_zoom\":0,\"poi\":false,\"show_content\":true,\"show_image\":true,\"show_link\":true,\"show_meta\":true,\"show_title\":true,\"styler_lightness\":\"50\",\"styler_saturation\":-100,\"title_element\":\"h3\",\"title_hover_style\":\"reset\",\"type\":\"roadmap\",\"zoom\":\"14\",\"zooming\":false},\"children\":[{\"type\":\"map_item\",\"props\":{\"hide\":true,\"location\":\"40.49842999934592,-3.8753431029641536\",\"title\":\"Global Homes\"}}]}]}]}]}],\"version\":\"4.5.21\"} --><\/p>\n","protected":false},"excerpt":{"rendered":"<p>Global Homes Madrid Gestionamos apartamentos en Madrid para que disfrutes de la libertad de vivir en la ubicaci\u00f3n que prefieras. Estamos disponibles para atenderte directamente por WhatsApp si lo prefieres S\u00edguenos instagram tiktok facebook youtube 40.49842999934592,-3.8753431029641536 Global Homes<\/p>","protected":false},"author":1,"featured_media":5127,"parent":0,"menu_order":0,"comment_status":"closed","ping_status":"closed","template":"","meta":{"_acf_changed":false,"footnotes":""},"class_list":["post-6083","page","type-page","status-publish","has-post-thumbnail","hentry"],"acf":[],"yoast_head":"<!-- This site is optimized with the Yoast SEO plugin v27.4 - https:\/\/yoast.com\/product\/yoast-seo-wordpress\/ -->\n<title>Contacto - Viviendas en Alquiler Madrid | Global Homes<\/title>\n<meta name=\"description\" content=\"Puedes contactar con nosotros a trav\u00e9s de nuestro formulario de Global Homes.\" \/>\n<meta name=\"robots\" content=\"noindex, nofollow\" \/>\n<meta property=\"og:locale\" content=\"en_GB\" \/>\n<meta property=\"og:type\" content=\"article\" \/>\n<meta property=\"og:title\" content=\"Contacto - Viviendas en Alquiler Madrid | Global Homes\" \/>\n<meta property=\"og:description\" content=\"Puedes contactar con nosotros a trav\u00e9s de nuestro formulario de Global Homes.\" \/>\n<meta property=\"og:url\" content=\"https:\/\/globalhp.es\/en\/contacto\/\" \/>\n<meta property=\"og:site_name\" content=\"Viviendas en Alquiler Madrid | Global Homes\" \/>\n<meta property=\"article:modified_time\" content=\"2025-07-24T14:24:20+00:00\" \/>\n<meta property=\"og:image\" content=\"https:\/\/globalhp.es\/wp-content\/uploads\/2025\/07\/madrid-rio.webp\" \/>\n\t<meta property=\"og:image:width\" content=\"966\" \/>\n\t<meta property=\"og:image:height\" content=\"900\" \/>\n\t<meta property=\"og:image:type\" content=\"image\/webp\" \/>\n<meta name=\"twitter:card\" content=\"summary_large_image\" \/>\n<meta name=\"twitter:label1\" content=\"Estimated reading time\" \/>\n\t<meta name=\"twitter:data1\" content=\"1 minute\" \/>\n<script type=\"application\/ld+json\" class=\"yoast-schema-graph\">{\"@context\":\"https:\\\/\\\/schema.org\",\"@graph\":[{\"@type\":\"WebPage\",\"@id\":\"https:\\\/\\\/globalhp.es\\\/contacto\\\/\",\"url\":\"https:\\\/\\\/globalhp.es\\\/contacto\\\/\",\"name\":\"Contacto - Viviendas en Alquiler Madrid | Global Homes\",\"isPartOf\":{\"@id\":\"https:\\\/\\\/globalhp.es\\\/#website\"},\"primaryImageOfPage\":{\"@id\":\"https:\\\/\\\/globalhp.es\\\/contacto\\\/#primaryimage\"},\"image\":{\"@id\":\"https:\\\/\\\/globalhp.es\\\/contacto\\\/#primaryimage\"},\"thumbnailUrl\":\"https:\\\/\\\/globalhp.es\\\/wp-content\\\/uploads\\\/2025\\\/07\\\/madrid-rio.webp\",\"datePublished\":\"2025-07-24T11:55:55+00:00\",\"dateModified\":\"2025-07-24T14:24:20+00:00\",\"description\":\"Puedes contactar con nosotros a trav\u00e9s de nuestro formulario de Global Homes.\",\"breadcrumb\":{\"@id\":\"https:\\\/\\\/globalhp.es\\\/contacto\\\/#breadcrumb\"},\"inLanguage\":\"en-GB\",\"potentialAction\":[{\"@type\":\"ReadAction\",\"target\":[\"https:\\\/\\\/globalhp.es\\\/contacto\\\/\"]}]},{\"@type\":\"ImageObject\",\"inLanguage\":\"en-GB\",\"@id\":\"https:\\\/\\\/globalhp.es\\\/contacto\\\/#primaryimage\",\"url\":\"https:\\\/\\\/globalhp.es\\\/wp-content\\\/uploads\\\/2025\\\/07\\\/madrid-rio.webp\",\"contentUrl\":\"https:\\\/\\\/globalhp.es\\\/wp-content\\\/uploads\\\/2025\\\/07\\\/madrid-rio.webp\",\"width\":966,\"height\":900},{\"@type\":\"BreadcrumbList\",\"@id\":\"https:\\\/\\\/globalhp.es\\\/contacto\\\/#breadcrumb\",\"itemListElement\":[{\"@type\":\"ListItem\",\"position\":1,\"name\":\"Home\",\"item\":\"https:\\\/\\\/globalhp.es\\\/\"},{\"@type\":\"ListItem\",\"position\":2,\"name\":\"Contacto\"}]},{\"@type\":\"WebSite\",\"@id\":\"https:\\\/\\\/globalhp.es\\\/#website\",\"url\":\"https:\\\/\\\/globalhp.es\\\/\",\"name\":\"Viviendas en Alquiler Madrid | Global Homes\",\"description\":\"Alquiler de viviendas por d\u00edas y semanas en Madrid\",\"publisher\":{\"@id\":\"https:\\\/\\\/globalhp.es\\\/#organization\"},\"potentialAction\":[{\"@type\":\"SearchAction\",\"target\":{\"@type\":\"EntryPoint\",\"urlTemplate\":\"https:\\\/\\\/globalhp.es\\\/?s={search_term_string}\"},\"query-input\":{\"@type\":\"PropertyValueSpecification\",\"valueRequired\":true,\"valueName\":\"search_term_string\"}}],\"inLanguage\":\"en-GB\"},{\"@type\":\"Organization\",\"@id\":\"https:\\\/\\\/globalhp.es\\\/#organization\",\"name\":\"Viviendas en Alquiler Madrid | Global Homes\",\"url\":\"https:\\\/\\\/globalhp.es\\\/\",\"logo\":{\"@type\":\"ImageObject\",\"inLanguage\":\"en-GB\",\"@id\":\"https:\\\/\\\/globalhp.es\\\/#\\\/schema\\\/logo\\\/image\\\/\",\"url\":\"https:\\\/\\\/globalhp.es\\\/wp-content\\\/uploads\\\/2025\\\/01\\\/GHP_Logo_Homes_325px.png\",\"contentUrl\":\"https:\\\/\\\/globalhp.es\\\/wp-content\\\/uploads\\\/2025\\\/01\\\/GHP_Logo_Homes_325px.png\",\"width\":325,\"height\":104,\"caption\":\"Viviendas en Alquiler Madrid | Global Homes\"},\"image\":{\"@id\":\"https:\\\/\\\/globalhp.es\\\/#\\\/schema\\\/logo\\\/image\\\/\"}}]}<\/script>\n<!-- \/ Yoast SEO plugin. -->","yoast_head_json":{"title":"Contacto - Viviendas en Alquiler Madrid | Global Homes","description":"Puedes contactar con nosotros a trav\u00e9s de nuestro formulario de Global Homes.","robots":{"index":"noindex","follow":"nofollow"},"og_locale":"en_GB","og_type":"article","og_title":"Contacto - Viviendas en Alquiler Madrid | Global Homes","og_description":"Puedes contactar con nosotros a trav\u00e9s de nuestro formulario de Global Homes.","og_url":"https:\/\/globalhp.es\/en\/contacto\/","og_site_name":"Viviendas en Alquiler Madrid | Global Homes","article_modified_time":"2025-07-24T14:24:20+00:00","og_image":[{"width":966,"height":900,"url":"https:\/\/globalhp.es\/wp-content\/uploads\/2025\/07\/madrid-rio.webp","type":"image\/webp"}],"twitter_card":"summary_large_image","twitter_misc":{"Estimated reading time":"1 minute"},"schema":{"@context":"https:\/\/schema.org","@graph":[{"@type":"WebPage","@id":"https:\/\/globalhp.es\/contacto\/","url":"https:\/\/globalhp.es\/contacto\/","name":"Contacto - Viviendas en Alquiler Madrid | Global Homes","isPartOf":{"@id":"https:\/\/globalhp.es\/#website"},"primaryImageOfPage":{"@id":"https:\/\/globalhp.es\/contacto\/#primaryimage"},"image":{"@id":"https:\/\/globalhp.es\/contacto\/#primaryimage"},"thumbnailUrl":"https:\/\/globalhp.es\/wp-content\/uploads\/2025\/07\/madrid-rio.webp","datePublished":"2025-07-24T11:55:55+00:00","dateModified":"2025-07-24T14:24:20+00:00","description":"Puedes contactar con nosotros a trav\u00e9s de nuestro formulario de Global Homes.","breadcrumb":{"@id":"https:\/\/globalhp.es\/contacto\/#breadcrumb"},"inLanguage":"en-GB","potentialAction":[{"@type":"ReadAction","target":["https:\/\/globalhp.es\/contacto\/"]}]},{"@type":"ImageObject","inLanguage":"en-GB","@id":"https:\/\/globalhp.es\/contacto\/#primaryimage","url":"https:\/\/globalhp.es\/wp-content\/uploads\/2025\/07\/madrid-rio.webp","contentUrl":"https:\/\/globalhp.es\/wp-content\/uploads\/2025\/07\/madrid-rio.webp","width":966,"height":900},{"@type":"BreadcrumbList","@id":"https:\/\/globalhp.es\/contacto\/#breadcrumb","itemListElement":[{"@type":"ListItem","position":1,"name":"Home","item":"https:\/\/globalhp.es\/"},{"@type":"ListItem","position":2,"name":"Contacto"}]},{"@type":"WebSite","@id":"https:\/\/globalhp.es\/#website","url":"https:\/\/globalhp.es\/","name":"Viviendas en Alquiler Madrid | Global Homes","description":"Alquiler de viviendas por d\u00edas y semanas en Madrid","publisher":{"@id":"https:\/\/globalhp.es\/#organization"},"potentialAction":[{"@type":"SearchAction","target":{"@type":"EntryPoint","urlTemplate":"https:\/\/globalhp.es\/?s={search_term_string}"},"query-input":{"@type":"PropertyValueSpecification","valueRequired":true,"valueName":"search_term_string"}}],"inLanguage":"en-GB"},{"@type":"Organization","@id":"https:\/\/globalhp.es\/#organization","name":"Viviendas en Alquiler Madrid | Global Homes","url":"https:\/\/globalhp.es\/","logo":{"@type":"ImageObject","inLanguage":"en-GB","@id":"https:\/\/globalhp.es\/#\/schema\/logo\/image\/","url":"https:\/\/globalhp.es\/wp-content\/uploads\/2025\/01\/GHP_Logo_Homes_325px.png","contentUrl":"https:\/\/globalhp.es\/wp-content\/uploads\/2025\/01\/GHP_Logo_Homes_325px.png","width":325,"height":104,"caption":"Viviendas en Alquiler Madrid | Global Homes"},"image":{"@id":"https:\/\/globalhp.es\/#\/schema\/logo\/image\/"}}]}},"_links":{"self":[{"href":"https:\/\/globalhp.es\/en\/wp-json\/wp\/v2\/pages\/6083","targetHints":{"allow":["GET"]}}],"collection":[{"href":"https:\/\/globalhp.es\/en\/wp-json\/wp\/v2\/pages"}],"about":[{"href":"https:\/\/globalhp.es\/en\/wp-json\/wp\/v2\/types\/page"}],"author":[{"embeddable":true,"href":"https:\/\/globalhp.es\/en\/wp-json\/wp\/v2\/users\/1"}],"replies":[{"embeddable":true,"href":"https:\/\/globalhp.es\/en\/wp-json\/wp\/v2\/comments?post=6083"}],"version-history":[{"count":17,"href":"https:\/\/globalhp.es\/en\/wp-json\/wp\/v2\/pages\/6083\/revisions"}],"predecessor-version":[{"id":6108,"href":"https:\/\/globalhp.es\/en\/wp-json\/wp\/v2\/pages\/6083\/revisions\/6108"}],"wp:featuredmedia":[{"embeddable":true,"href":"https:\/\/globalhp.es\/en\/wp-json\/wp\/v2\/media\/5127"}],"wp:attachment":[{"href":"https:\/\/globalhp.es\/en\/wp-json\/wp\/v2\/media?parent=6083"}],"curies":[{"name":"wp","href":"https:\/\/api.w.org\/{rel}","templated":true}]}}